{"id":260,"date":"2018-10-30T18:20:12","date_gmt":"2018-10-30T18:20:12","guid":{"rendered":"https:\/\/the7.io\/g-business\/?page_id=260"},"modified":"2023-04-20T14:11:04","modified_gmt":"2023-04-20T12:11:04","slug":"kontakt","status":"publish","type":"page","link":"https:\/\/www.waniek-stolarstwo.pl\/new\/kontakt\/","title":{"rendered":"Kontakt"},"content":{"rendered":"<div class=\"wpb-content-wrapper\"><p>[vc_row equal_height=&#8221;yes&#8221; content_placement=&#8221;middle&#8221; css=&#8221;.vc_custom_1560850714045{margin-bottom: -60px !important;}&#8221;][vc_column width=&#8221;1\/2&#8243;]<div id=\"ultimate-heading-882969e2fe1814b2b\" class=\"uvc-heading ult-adjust-bottom-margin ultimate-heading-882969e2fe1814b2b uvc-4360 accent-title-color color-title\" data-hspacer=\"no_spacer\"  data-halign=\"center\" style=\"text-align:center\"><div class=\"uvc-heading-spacer no_spacer\" style=\"top\"><\/div><div class=\"uvc-main-heading ult-responsive\"  data-ultimate-target='.uvc-heading.ultimate-heading-882969e2fe1814b2b h2'  data-responsive-json-new='{\"font-size\":\"desktop:16px;\",\"line-height\":\"desktop:28px;\"}' ><h2 style=\"--font-weight:theme;\">Numer telefonu<\/h2><\/div><div class=\"uvc-sub-heading ult-responsive\"  data-ultimate-target='.uvc-heading.ultimate-heading-882969e2fe1814b2b .uvc-sub-heading '  data-responsive-json-new='{\"font-size\":\"desktop:30px;\",\"line-height\":\"desktop:40px;\"}'  style=\"font-weight:bold;margin-bottom:18px;\">+48 695 432 242<\/p>\n<p>(77) 437 68 19<\/div><\/div><div id=\"ultimate-heading-441069e2fe1814b7e\" class=\"uvc-heading ult-adjust-bottom-margin ultimate-heading-441069e2fe1814b7e uvc-8965 accent-title-color color-title\" data-hspacer=\"no_spacer\"  data-halign=\"center\" style=\"text-align:center\"><div class=\"uvc-heading-spacer no_spacer\" style=\"top\"><\/div><div class=\"uvc-main-heading ult-responsive\"  data-ultimate-target='.uvc-heading.ultimate-heading-441069e2fe1814b7e h2'  data-responsive-json-new='{\"font-size\":\"desktop:16px;\",\"line-height\":\"desktop:28px;\"}' ><h2 style=\"--font-weight:theme;margin-top:10px;\">Email<\/h2><\/div><div class=\"uvc-sub-heading ult-responsive\"  data-ultimate-target='.uvc-heading.ultimate-heading-441069e2fe1814b7e .uvc-sub-heading '  data-responsive-json-new='{\"font-size\":\"desktop:18px;\",\"line-height\":\"desktop:28px;\"}'  style=\"font-weight:bold;margin-bottom:20px;\">biuro.stolarz@o2.pl<\/div><\/div><div id=\"ultimate-heading-892569e2fe1814b9a\" class=\"uvc-heading ult-adjust-bottom-margin ultimate-heading-892569e2fe1814b9a uvc-7806 accent-title-color color-title\" data-hspacer=\"no_spacer\"  data-halign=\"center\" style=\"text-align:center\"><div class=\"uvc-heading-spacer no_spacer\" style=\"top\"><\/div><div class=\"uvc-main-heading ult-responsive\"  data-ultimate-target='.uvc-heading.ultimate-heading-892569e2fe1814b9a h2'  data-responsive-json-new='{\"font-size\":\"desktop:16px;\",\"line-height\":\"desktop:28px;\"}' ><h2 style=\"--font-weight:theme;margin-top:10px;\">Adres<\/h2><\/div><div class=\"uvc-sub-heading ult-responsive\"  data-ultimate-target='.uvc-heading.ultimate-heading-892569e2fe1814b9a .uvc-sub-heading '  data-responsive-json-new='{\"font-size\":\"desktop:18px;\",\"line-height\":\"desktop:28px;\"}'  style=\"font-weight:bold;margin-bottom:20px;\">Mi\u0142owice 19 48-210 Bia\u0142a<\/div><\/div><div id=\"ultimate-heading-876569e2fe1814bb3\" class=\"uvc-heading ult-adjust-bottom-margin ultimate-heading-876569e2fe1814bb3 uvc-6325 accent-title-color color-title\" data-hspacer=\"no_spacer\"  data-halign=\"center\" style=\"text-align:center\"><div class=\"uvc-heading-spacer no_spacer\" style=\"top\"><\/div><div class=\"uvc-main-heading ult-responsive\"  data-ultimate-target='.uvc-heading.ultimate-heading-876569e2fe1814bb3 h2'  data-responsive-json-new='{\"font-size\":\"desktop:16px;\",\"line-height\":\"desktop:28px;\"}' ><h2 style=\"--font-weight:theme;margin-top:10px;margin-bottom:10px;\">Serwisy spo\u0142eczno\u015bciowe<\/h2><\/div><\/div><style type=\"text\/css\" data-type=\"the7_shortcodes-inline-css\">.dt-shortcode-soc-icons.soc-icons-3d2c8c957fe2ad9e6afcda27b358516e a {\n  margin-right: 10px;\n}\n.dt-shortcode-soc-icons a.soc-icons-3d2c8c957fe2ad9e6afcda27b358516e {\n  margin-right: 10px;\n}\n.dt-shortcode-soc-icons a.soc-icons-3d2c8c957fe2ad9e6afcda27b358516e:last-child {\n  margin-right: 0;\n}\n.dt-shortcode-soc-icons a.soc-icons-3d2c8c957fe2ad9e6afcda27b358516e:before,\n.dt-shortcode-soc-icons a.soc-icons-3d2c8c957fe2ad9e6afcda27b358516e:after {\n  padding: inherit;\n}\n.dt-shortcode-soc-icons a.soc-icons-3d2c8c957fe2ad9e6afcda27b358516e.dt-icon-border-on:before {\n  border:  solid ;\n}\n.dt-shortcode-soc-icons a.soc-icons-3d2c8c957fe2ad9e6afcda27b358516e.dt-icon-hover-border-on:after {\n  border:  solid ;\n}<\/style><div class=\"dt-shortcode-soc-icons  soc-icons-3d2c8c957fe2ad9e6afcda27b358516e soc-icons-center  vc_custom_1560850719006\" ><style type=\"text\/css\" data-type=\"the7_shortcodes-inline-css\">.dt-shortcode-soc-icons a.single-soc-icon-873e3be4c4cad050a3e86e5fd484fed8 {\n  min-width: 50px;\n  min-height: 50px;\n  font-size: 24px;\n  border-radius: 100px;\n}\n.dt-shortcode-soc-icons a.single-soc-icon-873e3be4c4cad050a3e86e5fd484fed8:last-child {\n  margin-right: 0;\n}\n.dt-shortcode-soc-icons a.single-soc-icon-873e3be4c4cad050a3e86e5fd484fed8:before,\n.dt-shortcode-soc-icons a.single-soc-icon-873e3be4c4cad050a3e86e5fd484fed8:after {\n  min-width: 50px;\n  min-height: 50px;\n  padding: inherit;\n}\n.dt-shortcode-soc-icons a.single-soc-icon-873e3be4c4cad050a3e86e5fd484fed8.dt-icon-border-on:before {\n  border: 0px solid ;\n}\n.dt-shortcode-soc-icons a.single-soc-icon-873e3be4c4cad050a3e86e5fd484fed8.dt-icon-hover-border-on:after {\n  border: 0px solid ;\n}\n.dt-shortcode-soc-icons a.single-soc-icon-873e3be4c4cad050a3e86e5fd484fed8:hover {\n  font-size: 24px;\n}\n#page .dt-shortcode-soc-icons a.single-soc-icon-873e3be4c4cad050a3e86e5fd484fed8:hover .soc-font-icon,\n#phantom .dt-shortcode-soc-icons a.single-soc-icon-873e3be4c4cad050a3e86e5fd484fed8:hover .soc-font-icon,\n#page .dt-shortcode-soc-icons a.single-soc-icon-873e3be4c4cad050a3e86e5fd484fed8:hover .soc-icon,\n#phantom .dt-shortcode-soc-icons a.single-soc-icon-873e3be4c4cad050a3e86e5fd484fed8:hover .soc-icon {\n  color: rgba(255,255,255,0.75);\n  background: none;\n}\n#page .dt-shortcode-soc-icons a.single-soc-icon-873e3be4c4cad050a3e86e5fd484fed8:not(:hover) .soc-font-icon,\n#phantom .dt-shortcode-soc-icons a.single-soc-icon-873e3be4c4cad050a3e86e5fd484fed8:not(:hover) .soc-font-icon,\n#page .dt-shortcode-soc-icons a.single-soc-icon-873e3be4c4cad050a3e86e5fd484fed8:not(:hover) .soc-icon,\n#phantom .dt-shortcode-soc-icons a.single-soc-icon-873e3be4c4cad050a3e86e5fd484fed8:not(:hover) .soc-icon {\n  color: #ffffff;\n  background: none;\n}\n.dt-shortcode-soc-icons a.single-soc-icon-873e3be4c4cad050a3e86e5fd484fed8 .soc-font-icon,\n.dt-shortcode-soc-icons a.single-soc-icon-873e3be4c4cad050a3e86e5fd484fed8 .soc-icon {\n  font-size: 24px;\n}<\/style><a title=\"Facebook\" href=\"https:\/\/www.facebook.com\/people\/Stolarstwo-Waniek\/100040951605793\/\" target=\"_blank\" class=\"facebook single-soc-icon-873e3be4c4cad050a3e86e5fd484fed8 dt-icon-bg-on dt-icon-border-on dt-icon-hover-border-on dt-icon-hover-bg-on\"><i class=\"soc-icon soc-font-icon dt-icon-facebook\"><\/i><span class=\"screen-reader-text\">Facebook<\/span><\/a><\/div>[\/vc_column][vc_column width=&#8221;1\/2&#8243; css=&#8221;.vc_custom_1560851109721{margin-bottom: 60px !important;padding-top: 10px !important;}&#8221;]<div id=\"ultimate-heading-101269e2fe1814ca8\" class=\"uvc-heading ult-adjust-bottom-margin ultimate-heading-101269e2fe1814ca8 uvc-7904 accent-title-color color-title\" data-hspacer=\"no_spacer\"  data-halign=\"center\" style=\"text-align:center\"><div class=\"uvc-heading-spacer no_spacer\" style=\"top\"><\/div><div class=\"uvc-main-heading ult-responsive\"  data-ultimate-target='.uvc-heading.ultimate-heading-101269e2fe1814ca8 h2'  data-responsive-json-new='{\"font-size\":\"desktop:16px;\",\"line-height\":\"desktop:28px;\"}' ><h2 style=\"--font-weight:theme;\">Masz jakie\u015b pytanie?<\/h2><\/div><\/div>\n<div class=\"wpcf7 no-js\" id=\"wpcf7-f2068-o1\" lang=\"pl-PL\" dir=\"ltr\" data-wpcf7-id=\"2068\">\n<div class=\"screen-reader-response\"><p role=\"status\" aria-live=\"polite\" aria-atomic=\"true\"><\/p> <ul><\/ul><\/div>\n<form action=\"\/new\/wp-json\/wp\/v2\/pages\/260#wpcf7-f2068-o1\" method=\"post\" class=\"wpcf7-form init\" aria-label=\"Formularz kontaktowy\" novalidate=\"novalidate\" data-status=\"init\">\n<fieldset class=\"hidden-fields-container\"><input type=\"hidden\" name=\"_wpcf7\" value=\"2068\" \/><input type=\"hidden\" name=\"_wpcf7_version\" value=\"6.1.5\" \/><input type=\"hidden\" name=\"_wpcf7_locale\" value=\"pl_PL\" \/><input type=\"hidden\" name=\"_wpcf7_unit_tag\" value=\"wpcf7-f2068-o1\" \/><input type=\"hidden\" name=\"_wpcf7_container_post\" value=\"0\" \/><input type=\"hidden\" name=\"_wpcf7_posted_data_hash\" value=\"\" \/><input type=\"hidden\" name=\"_wpcf7_recaptcha_response\" value=\"\" \/>\n<\/fieldset>\n<p><label> Twoje imi\u0119<br \/>\n<span class=\"wpcf7-form-control-wrap\" data-name=\"your-name\"><input size=\"40\" maxlength=\"400\" class=\"wpcf7-form-control wpcf7-text wpcf7-validates-as-required\" autocomplete=\"name\" aria-required=\"true\" aria-invalid=\"false\" value=\"\" type=\"text\" name=\"your-name\" \/><\/span> <\/label>\n<\/p>\n<p><label> Tw\u00f3j adres e-mail<br \/>\n<span class=\"wpcf7-form-control-wrap\" data-name=\"your-email\"><input size=\"40\" maxlength=\"400\" class=\"wpcf7-form-control wpcf7-email wpcf7-validates-as-required wpcf7-text wpcf7-validates-as-email\" autocomplete=\"email\" aria-required=\"true\" aria-invalid=\"false\" value=\"\" type=\"email\" name=\"your-email\" \/><\/span> <\/label>\n<\/p>\n<p><label> Temat<br \/>\n<span class=\"wpcf7-form-control-wrap\" data-name=\"your-subject\"><input size=\"40\" maxlength=\"400\" class=\"wpcf7-form-control wpcf7-text wpcf7-validates-as-required\" aria-required=\"true\" aria-invalid=\"false\" value=\"\" type=\"text\" name=\"your-subject\" \/><\/span> <\/label>\n<\/p>\n<p><label> Twoja wiadomo\u015b\u0107<br \/>\n<span class=\"wpcf7-form-control-wrap\" data-name=\"your-message\"><textarea cols=\"40\" rows=\"10\" maxlength=\"2000\" class=\"wpcf7-form-control wpcf7-textarea wpcf7-validates-as-required\" aria-required=\"true\" aria-invalid=\"false\" name=\"your-message\"><\/textarea><\/span> <\/label>\n<\/p>\n<p><span class=\"wpcf7-form-control-wrap\" data-name=\"acceptance-142\"><span class=\"wpcf7-form-control wpcf7-acceptance\"><span class=\"wpcf7-list-item\"><label><input type=\"checkbox\" name=\"acceptance-142\" value=\"1\" aria-invalid=\"false\" \/><span class=\"wpcf7-list-item-label\">Wyra\u017cam zgod\u0119 na przetwarzanie moich danych osobowych podanych w powy\u017cszym formularzu w celach handlowych i marketingowych przez Stolarstwo-Waniek oraz przez podmioty trzecie.<\/span><\/label><\/span><\/span><\/span>\n<\/p>\n<p><input class=\"wpcf7-form-control wpcf7-submit has-spinner\" type=\"submit\" value=\"Wy\u015blij\" \/>\n<\/p><div class=\"wpcf7-response-output\" aria-hidden=\"true\"><\/div>\n<\/form>\n<\/div>\n[\/vc_column][\/vc_row]<\/p>\n<\/div>","protected":false},"excerpt":{"rendered":"<p>[vc_row equal_height=&#8221;yes&#8221; content_placement=&#8221;middle&#8221; css=&#8221;.vc_custom_1560850714045{margin-bottom: -60px !important;}&#8221;][vc_column width=&#8221;1\/2&#8243;][\/vc_column][vc_column width=&#8221;1\/2&#8243; css=&#8221;.vc_custom_1560851109721{margin-bottom: 60px !important;padding-top: 10px !important;}&#8221;][\/vc_column][\/vc_row]<\/p>\n","protected":false},"author":1,"featured_media":0,"parent":0,"menu_order":70,"comment_status":"closed","ping_status":"closed","template":"","meta":{"footnotes":""},"class_list":["post-260","page","type-page","status-publish","hentry","description-off"],"yoast_head":"<!-- This site is optimized with the Yoast SEO plugin v27.1.1 - https:\/\/yoast.com\/product\/yoast-seo-wordpress\/ -->\n<title>Kontakt - STOLARSTWO WANIEK<\/title>\n<meta name=\"robots\" content=\"index, follow, max-snippet:-1, max-image-preview:large, max-video-preview:-1\" \/>\n<link rel=\"canonical\" href=\"https:\/\/www.waniek-stolarstwo.pl\/new\/kontakt\/\" \/>\n<meta property=\"og:locale\" content=\"pl_PL\" \/>\n<meta property=\"og:type\" content=\"article\" \/>\n<meta property=\"og:title\" content=\"Kontakt - STOLARSTWO WANIEK\" \/>\n<meta property=\"og:description\" content=\"[vc_row equal_height=&#8221;yes&#8221; content_placement=&#8221;middle&#8221; css=&#8221;.vc_custom_1560850714045{margin-bottom: -60px !important;}&#8221;][vc_column width=&#8221;1\/2&#8243;][\/vc_column][vc_column width=&#8221;1\/2&#8243; css=&#8221;.vc_custom_1560851109721{margin-bottom: 60px !important;padding-top: 10px !important;}&#8221;][\/vc_column][\/vc_row]\" \/>\n<meta property=\"og:url\" content=\"https:\/\/www.waniek-stolarstwo.pl\/new\/kontakt\/\" \/>\n<meta property=\"og:site_name\" content=\"STOLARSTWO WANIEK\" \/>\n<meta property=\"article:publisher\" content=\"https:\/\/www.facebook.com\/people\/Stolarstwo-Waniek\/100040951605793\/\" \/>\n<meta property=\"article:modified_time\" content=\"2023-04-20T12:11:04+00:00\" \/>\n<meta name=\"twitter:card\" content=\"summary_large_image\" \/>\n<meta name=\"twitter:label1\" content=\"Szacowany czas czytania\" \/>\n\t<meta name=\"twitter:data1\" content=\"2 minuty\" \/>\n<script type=\"application\/ld+json\" class=\"yoast-schema-graph\">{\"@context\":\"https:\/\/schema.org\",\"@graph\":[{\"@type\":\"WebPage\",\"@id\":\"https:\/\/www.waniek-stolarstwo.pl\/new\/kontakt\/\",\"url\":\"https:\/\/www.waniek-stolarstwo.pl\/new\/kontakt\/\",\"name\":\"Kontakt - STOLARSTWO WANIEK\",\"isPartOf\":{\"@id\":\"https:\/\/www.waniek-stolarstwo.pl\/new\/#website\"},\"datePublished\":\"2018-10-30T18:20:12+00:00\",\"dateModified\":\"2023-04-20T12:11:04+00:00\",\"breadcrumb\":{\"@id\":\"https:\/\/www.waniek-stolarstwo.pl\/new\/kontakt\/#breadcrumb\"},\"inLanguage\":\"pl-PL\",\"potentialAction\":[{\"@type\":\"ReadAction\",\"target\":[\"https:\/\/www.waniek-stolarstwo.pl\/new\/kontakt\/\"]}]},{\"@type\":\"BreadcrumbList\",\"@id\":\"https:\/\/www.waniek-stolarstwo.pl\/new\/kontakt\/#breadcrumb\",\"itemListElement\":[{\"@type\":\"ListItem\",\"position\":1,\"name\":\"Strona g\u0142\u00f3wna\",\"item\":\"https:\/\/www.waniek-stolarstwo.pl\/new\/\"},{\"@type\":\"ListItem\",\"position\":2,\"name\":\"Kontakt\"}]},{\"@type\":\"WebSite\",\"@id\":\"https:\/\/www.waniek-stolarstwo.pl\/new\/#website\",\"url\":\"https:\/\/www.waniek-stolarstwo.pl\/new\/\",\"name\":\"STOLARSTWO WANIEK\",\"description\":\"Strona internetowa Stolarstwa Waniek\",\"publisher\":{\"@id\":\"https:\/\/www.waniek-stolarstwo.pl\/new\/#organization\"},\"potentialAction\":[{\"@type\":\"SearchAction\",\"target\":{\"@type\":\"EntryPoint\",\"urlTemplate\":\"https:\/\/www.waniek-stolarstwo.pl\/new\/?s={search_term_string}\"},\"query-input\":{\"@type\":\"PropertyValueSpecification\",\"valueRequired\":true,\"valueName\":\"search_term_string\"}}],\"inLanguage\":\"pl-PL\"},{\"@type\":\"Organization\",\"@id\":\"https:\/\/www.waniek-stolarstwo.pl\/new\/#organization\",\"name\":\"STOLARSTWO WANIEK\",\"url\":\"https:\/\/www.waniek-stolarstwo.pl\/new\/\",\"logo\":{\"@type\":\"ImageObject\",\"inLanguage\":\"pl-PL\",\"@id\":\"https:\/\/www.waniek-stolarstwo.pl\/new\/#\/schema\/logo\/image\/\",\"url\":\"https:\/\/www.waniek-stolarstwo.pl\/new\/wp-content\/uploads\/2023\/04\/logonowe-2.webp\",\"contentUrl\":\"https:\/\/www.waniek-stolarstwo.pl\/new\/wp-content\/uploads\/2023\/04\/logonowe-2.webp\",\"width\":1170,\"height\":445,\"caption\":\"STOLARSTWO WANIEK\"},\"image\":{\"@id\":\"https:\/\/www.waniek-stolarstwo.pl\/new\/#\/schema\/logo\/image\/\"},\"sameAs\":[\"https:\/\/www.facebook.com\/people\/Stolarstwo-Waniek\/100040951605793\/\"]}]}<\/script>\n<!-- \/ Yoast SEO plugin. -->","yoast_head_json":{"title":"Kontakt - STOLARSTWO WANIEK","robots":{"index":"index","follow":"follow","max-snippet":"max-snippet:-1","max-image-preview":"max-image-preview:large","max-video-preview":"max-video-preview:-1"},"canonical":"https:\/\/www.waniek-stolarstwo.pl\/new\/kontakt\/","og_locale":"pl_PL","og_type":"article","og_title":"Kontakt - STOLARSTWO WANIEK","og_description":"[vc_row equal_height=&#8221;yes&#8221; content_placement=&#8221;middle&#8221; css=&#8221;.vc_custom_1560850714045{margin-bottom: -60px !important;}&#8221;][vc_column width=&#8221;1\/2&#8243;][\/vc_column][vc_column width=&#8221;1\/2&#8243; css=&#8221;.vc_custom_1560851109721{margin-bottom: 60px !important;padding-top: 10px !important;}&#8221;][\/vc_column][\/vc_row]","og_url":"https:\/\/www.waniek-stolarstwo.pl\/new\/kontakt\/","og_site_name":"STOLARSTWO WANIEK","article_publisher":"https:\/\/www.facebook.com\/people\/Stolarstwo-Waniek\/100040951605793\/","article_modified_time":"2023-04-20T12:11:04+00:00","twitter_card":"summary_large_image","twitter_misc":{"Szacowany czas czytania":"2 minuty"},"schema":{"@context":"https:\/\/schema.org","@graph":[{"@type":"WebPage","@id":"https:\/\/www.waniek-stolarstwo.pl\/new\/kontakt\/","url":"https:\/\/www.waniek-stolarstwo.pl\/new\/kontakt\/","name":"Kontakt - STOLARSTWO WANIEK","isPartOf":{"@id":"https:\/\/www.waniek-stolarstwo.pl\/new\/#website"},"datePublished":"2018-10-30T18:20:12+00:00","dateModified":"2023-04-20T12:11:04+00:00","breadcrumb":{"@id":"https:\/\/www.waniek-stolarstwo.pl\/new\/kontakt\/#breadcrumb"},"inLanguage":"pl-PL","potentialAction":[{"@type":"ReadAction","target":["https:\/\/www.waniek-stolarstwo.pl\/new\/kontakt\/"]}]},{"@type":"BreadcrumbList","@id":"https:\/\/www.waniek-stolarstwo.pl\/new\/kontakt\/#breadcrumb","itemListElement":[{"@type":"ListItem","position":1,"name":"Strona g\u0142\u00f3wna","item":"https:\/\/www.waniek-stolarstwo.pl\/new\/"},{"@type":"ListItem","position":2,"name":"Kontakt"}]},{"@type":"WebSite","@id":"https:\/\/www.waniek-stolarstwo.pl\/new\/#website","url":"https:\/\/www.waniek-stolarstwo.pl\/new\/","name":"STOLARSTWO WANIEK","description":"Strona internetowa Stolarstwa Waniek","publisher":{"@id":"https:\/\/www.waniek-stolarstwo.pl\/new\/#organization"},"potentialAction":[{"@type":"SearchAction","target":{"@type":"EntryPoint","urlTemplate":"https:\/\/www.waniek-stolarstwo.pl\/new\/?s={search_term_string}"},"query-input":{"@type":"PropertyValueSpecification","valueRequired":true,"valueName":"search_term_string"}}],"inLanguage":"pl-PL"},{"@type":"Organization","@id":"https:\/\/www.waniek-stolarstwo.pl\/new\/#organization","name":"STOLARSTWO WANIEK","url":"https:\/\/www.waniek-stolarstwo.pl\/new\/","logo":{"@type":"ImageObject","inLanguage":"pl-PL","@id":"https:\/\/www.waniek-stolarstwo.pl\/new\/#\/schema\/logo\/image\/","url":"https:\/\/www.waniek-stolarstwo.pl\/new\/wp-content\/uploads\/2023\/04\/logonowe-2.webp","contentUrl":"https:\/\/www.waniek-stolarstwo.pl\/new\/wp-content\/uploads\/2023\/04\/logonowe-2.webp","width":1170,"height":445,"caption":"STOLARSTWO WANIEK"},"image":{"@id":"https:\/\/www.waniek-stolarstwo.pl\/new\/#\/schema\/logo\/image\/"},"sameAs":["https:\/\/www.facebook.com\/people\/Stolarstwo-Waniek\/100040951605793\/"]}]}},"_links":{"self":[{"href":"https:\/\/www.waniek-stolarstwo.pl\/new\/wp-json\/wp\/v2\/pages\/260","targetHints":{"allow":["GET"]}}],"collection":[{"href":"https:\/\/www.waniek-stolarstwo.pl\/new\/wp-json\/wp\/v2\/pages"}],"about":[{"href":"https:\/\/www.waniek-stolarstwo.pl\/new\/wp-json\/wp\/v2\/types\/page"}],"author":[{"embeddable":true,"href":"https:\/\/www.waniek-stolarstwo.pl\/new\/wp-json\/wp\/v2\/users\/1"}],"replies":[{"embeddable":true,"href":"https:\/\/www.waniek-stolarstwo.pl\/new\/wp-json\/wp\/v2\/comments?post=260"}],"version-history":[{"count":11,"href":"https:\/\/www.waniek-stolarstwo.pl\/new\/wp-json\/wp\/v2\/pages\/260\/revisions"}],"predecessor-version":[{"id":2474,"href":"https:\/\/www.waniek-stolarstwo.pl\/new\/wp-json\/wp\/v2\/pages\/260\/revisions\/2474"}],"wp:attachment":[{"href":"https:\/\/www.waniek-stolarstwo.pl\/new\/wp-json\/wp\/v2\/media?parent=260"}],"curies":[{"name":"wp","href":"https:\/\/api.w.org\/{rel}","templated":true}]}}